{"id":29,"date":"2025-04-30T21:04:56","date_gmt":"2025-04-30T19:04:56","guid":{"rendered":"http:\/\/nieruchomosciwycenakawalko.pl\/?page_id=29"},"modified":"2025-04-30T21:09:48","modified_gmt":"2025-04-30T19:09:48","slug":"o-nas","status":"publish","type":"page","link":"https:\/\/nieruchomosciwycenakawalko.pl\/","title":{"rendered":"O nas"},"content":{"rendered":"\n<p>Nasze biuro dzia\u0142a na rynku od 2008 roku.&nbsp;<\/p>\n\n\n\n<p>Zajmujemy si\u0119 wycen\u0105 nieruchomo\u015bci na terenie miasta Wroc\u0142aw, wojew\u00f3dztwa dolno\u015bl\u0105skiego i cz\u0119\u015bci opolskiego.&nbsp;<\/p>\n\n\n\n<p>\u015awiadczymy tak\u017ce us\u0142ugi w zakresie przygotowywania \u015bwiadectw charakterystyki energetycznej.<\/p>\n\n\n\n<p><\/p>\n","protected":false},"excerpt":{"rendered":"<p>Nasze biuro dzia\u0142a na rynku od 2008 roku.&nbsp; Zajmujemy si\u0119 wycen\u0105 nieruchomo\u015bci na terenie miasta Wroc\u0142aw, wojew\u00f3dztwa dolno\u015bl\u0105skiego i cz\u0119\u015bci opolskiego.&nbsp; \u015awiadczymy tak\u017ce us\u0142ugi w zakresie przygotowywania \u015bwiadectw charakterystyki energetycznej.<\/p>\n","protected":false},"author":1,"featured_media":0,"parent":0,"menu_order":0,"comment_status":"closed","ping_status":"closed","template":"","meta":{"footnotes":""},"class_list":["post-29","page","type-page","status-publish","hentry"],"_links":{"self":[{"href":"https:\/\/nieruchomosciwycenakawalko.pl\/index.php\/wp-json\/wp\/v2\/pages\/29","targetHints":{"allow":["GET"]}}],"collection":[{"href":"https:\/\/nieruchomosciwycenakawalko.pl\/index.php\/wp-json\/wp\/v2\/pages"}],"about":[{"href":"https:\/\/nieruchomosciwycenakawalko.pl\/index.php\/wp-json\/wp\/v2\/types\/page"}],"author":[{"embeddable":true,"href":"https:\/\/nieruchomosciwycenakawalko.pl\/index.php\/wp-json\/wp\/v2\/users\/1"}],"replies":[{"embeddable":true,"href":"https:\/\/nieruchomosciwycenakawalko.pl\/index.php\/wp-json\/wp\/v2\/comments?post=29"}],"version-history":[{"count":2,"href":"https:\/\/nieruchomosciwycenakawalko.pl\/index.php\/wp-json\/wp\/v2\/pages\/29\/revisions"}],"predecessor-version":[{"id":31,"href":"https:\/\/nieruchomosciwycenakawalko.pl\/index.php\/wp-json\/wp\/v2\/pages\/29\/revisions\/31"}],"wp:attachment":[{"href":"https:\/\/nieruchomosciwycenakawalko.pl\/index.php\/wp-json\/wp\/v2\/media?parent=29"}],"curies":[{"name":"wp","href":"https:\/\/api.w.org\/{rel}","templated":true}]}}