{"id":36,"date":"2025-04-30T22:40:19","date_gmt":"2025-04-30T20:40:19","guid":{"rendered":"http:\/\/nieruchomosciwycenakawalko.pl\/?page_id=36"},"modified":"2025-06-02T17:45:37","modified_gmt":"2025-06-02T15:45:37","slug":"kontakt","status":"publish","type":"page","link":"https:\/\/nieruchomosciwycenakawalko.pl\/index.php\/kontakt\/","title":{"rendered":"Kontakt"},"content":{"rendered":"\n<div class=\"wp-block-columns is-layout-flex wp-container-core-columns-is-layout-9d6595d7 wp-block-columns-is-layout-flex\">\n<div class=\"wp-block-column is-layout-flow wp-block-column-is-layout-flow\">\n<h2 class=\"wp-block-heading\">Wyceny nieruchomo\u015bci:<\/h2>\n\n\n\n<p><strong>Rafa\u0142 Kawa\u0142ko<\/strong> &#8211; rzeczoznawca maj\u0105tkowy<\/p>\n\n\n\n<p><strong>telefon:<\/strong> <a href=\"tel:48505155902\">+48 505 155 902<\/a><br><strong>mail:<\/strong> <a href=\"mailto:rzeczoznawca.rk@gmail.com\">rzeczoznawca.rk@gmail.com<\/a><br><strong>Adres:<\/strong> ul. Kniaziewicza 25a, 50-455 Wroc\u0142aw<br><strong>NIP<\/strong>: 899-222-50-30<\/p>\n\n\n\n<figure class=\"wp-block-image size-full\"><img loading=\"lazy\" decoding=\"async\" width=\"302\" height=\"293\" src=\"http:\/\/nieruchomosciwycenakawalko.pl\/wp-content\/uploads\/2025\/05\/rkZasob-1@1x.png\" alt=\"\" class=\"wp-image-65\" srcset=\"https:\/\/nieruchomosciwycenakawalko.pl\/wp-content\/uploads\/2025\/05\/rkZasob-1@1x.png 302w, https:\/\/nieruchomosciwycenakawalko.pl\/wp-content\/uploads\/2025\/05\/rkZasob-1@1x-300x291.png 300w\" sizes=\"auto, (max-width: 302px) 100vw, 302px\" \/><\/figure>\n<\/div>\n\n\n\n<div class=\"wp-block-column is-layout-flow wp-block-column-is-layout-flow\">\n<h2 class=\"wp-block-heading\">Paszporty energetyczne:<\/h2>\n\n\n\n<p><strong>Piotr Klimaszewski<\/strong><\/p>\n\n\n\n<p><strong>telefon:<\/strong> <a href=\"tel:48694952793\" target=\"_blank\" rel=\"noreferrer noopener\">+48 694 952 793<\/a><br><strong>mail:<\/strong> <a href=\"mailto:energetyczne.paszporty@gmail.com\" target=\"_blank\" rel=\"noreferrer noopener\">energetyczne.paszporty@gmail.com<\/a><br><strong>facebook:<\/strong> <a href=\"https:\/\/www.facebook.com\/profile.php?id=61552645079998\" target=\"_blank\" rel=\"noreferrer noopener\">https:\/\/www.facebook.com\/profile.php?id=61552645079998<\/a><\/p>\n\n\n\n<figure class=\"wp-block-image size-full\"><img loading=\"lazy\" decoding=\"async\" width=\"225\" height=\"308\" src=\"http:\/\/nieruchomosciwycenakawalko.pl\/wp-content\/uploads\/2025\/05\/rkZasob-10@1x.png\" alt=\"\" class=\"wp-image-66\" srcset=\"https:\/\/nieruchomosciwycenakawalko.pl\/wp-content\/uploads\/2025\/05\/rkZasob-10@1x.png 225w, https:\/\/nieruchomosciwycenakawalko.pl\/wp-content\/uploads\/2025\/05\/rkZasob-10@1x-219x300.png 219w\" sizes=\"auto, (max-width: 225px) 100vw, 225px\" \/><\/figure>\n<\/div>\n<\/div>\n\n\n\n<p><\/p>\n","protected":false},"excerpt":{"rendered":"<p>Wyceny nieruchomo\u015bci: Rafa\u0142 Kawa\u0142ko &#8211; rzeczoznawca maj\u0105tkowy telefon: +48 505 155 902mail: rzeczoznawca.rk@gmail.comAdres: ul. Kniaziewicza 25a, 50-455 Wroc\u0142awNIP: 899-222-50-30 Paszporty energetyczne: Piotr Klimaszewski telefon: +48 694 952 793mail: energetyczne.paszporty@gmail.comfacebook: https:\/\/www.facebook.com\/profile.php?id=61552645079998<\/p>\n","protected":false},"author":1,"featured_media":0,"parent":0,"menu_order":0,"comment_status":"closed","ping_status":"closed","template":"","meta":{"footnotes":""},"class_list":["post-36","page","type-page","status-publish","hentry"],"_links":{"self":[{"href":"https:\/\/nieruchomosciwycenakawalko.pl\/index.php\/wp-json\/wp\/v2\/pages\/36","targetHints":{"allow":["GET"]}}],"collection":[{"href":"https:\/\/nieruchomosciwycenakawalko.pl\/index.php\/wp-json\/wp\/v2\/pages"}],"about":[{"href":"https:\/\/nieruchomosciwycenakawalko.pl\/index.php\/wp-json\/wp\/v2\/types\/page"}],"author":[{"embeddable":true,"href":"https:\/\/nieruchomosciwycenakawalko.pl\/index.php\/wp-json\/wp\/v2\/users\/1"}],"replies":[{"embeddable":true,"href":"https:\/\/nieruchomosciwycenakawalko.pl\/index.php\/wp-json\/wp\/v2\/comments?post=36"}],"version-history":[{"count":7,"href":"https:\/\/nieruchomosciwycenakawalko.pl\/index.php\/wp-json\/wp\/v2\/pages\/36\/revisions"}],"predecessor-version":[{"id":82,"href":"https:\/\/nieruchomosciwycenakawalko.pl\/index.php\/wp-json\/wp\/v2\/pages\/36\/revisions\/82"}],"wp:attachment":[{"href":"https:\/\/nieruchomosciwycenakawalko.pl\/index.php\/wp-json\/wp\/v2\/media?parent=36"}],"curies":[{"name":"wp","href":"https:\/\/api.w.org\/{rel}","templated":true}]}}